{"id":90,"date":"2023-11-07T20:13:55","date_gmt":"2023-11-07T20:13:55","guid":{"rendered":"https:\/\/test.tinetaxi.de\/?page_id=90"},"modified":"2023-11-14T16:12:49","modified_gmt":"2023-11-14T16:12:49","slug":"professionelle-lotsenfahrten-mit-tine-taxi-sicher-ans-ziel-in-jeder-situation","status":"publish","type":"page","link":"https:\/\/test.tinetaxi.de\/?page_id=90","title":{"rendered":"Professionelle Lotsenfahrten mit Tine Taxi: Sicher ans Ziel in jeder Situation"},"content":{"rendered":"\n<p>Manchmal ben\u00f6tigen Sie mehr als nur einen Fahrdienst \u2013 Sie ben\u00f6tigen einen erfahrenen und zuverl\u00e4ssigen Lotsen, der Sie sicher und kompetent ans Ziel f\u00fchrt. Bei Tine Taxi verstehen wir, wie wichtig Lotsenfahrten in bestimmten Situationen sind, sei es in der Gro\u00dfstadt, bei Events oder an unbekannten Orten. Wir nutzen modernste Software und bieten professionelle Lotsenfahrten, um Ihnen die gew\u00fcnschte Sicherheit und Gelassenheit zu bieten.<\/p>\n\n\n\n<h2 class=\"wp-block-heading\">Warum Tine Taxi f\u00fcr Ihre Lotsenfahrten w\u00e4hlen?<\/h2>\n\n\n\n<h3 class=\"wp-block-heading\">Ortskundige und erfahrene Fahrer<\/h3>\n\n\n\n<p>Unsere Fahrer sind nicht nur erstklassige Chauffeure, sondern auch ortskundige Lotsen. Sie kennen die \u00f6rtlichen Stra\u00dfen, Verkehrsbedingungen und die besten Routen, um Sie sicher und p\u00fcnktlich ans Ziel zu bringen. Ob in der Stadt oder auf dem Land, wir sind Ihre vertrauensw\u00fcrdigen Wegweiser.<\/p>\n\n\n\n<h3 class=\"wp-block-heading\">P\u00fcnktlichkeit und Zuverl\u00e4ssigkeit<\/h3>\n\n\n\n<p>Wir verstehen, dass in vielen Situationen, in denen Lotsenfahrten erforderlich sind, P\u00fcnktlichkeit von entscheidender Bedeutung ist. Bei Tine Taxi legen wir gro\u00dfen Wert auf Zuverl\u00e4ssigkeit und planen unsere Fahrten sorgf\u00e4ltig, um sicherzustellen, dass Sie termingerecht ankommen.<\/p>\n\n\n\n<h3 class=\"wp-block-heading\">Modernste Technologie f\u00fcr reibungslose Lotsendienste<\/h3>\n\n\n\n<p>Wir nutzen modernste Technologie und Software, um Ihnen effiziente und reibungslose Lotsendienste bieten zu k\u00f6nnen. Ob Orientierungshilfe f\u00fcr Ihre Gesch\u00e4ftspartner auf unbekanntem Terrain, das Lotsen des LKW-Fahrers Ihres Lieferanten bis zu Ihrer Warenannahme, oder einfache Orientierungshilfe in schwierigen Situationen. Wir sind f\u00fcr Sie da und lotsen Sie sicher an Ihr Ziel!<\/p>\n","protected":false},"excerpt":{"rendered":"<p>Manchmal ben\u00f6tigen Sie mehr als nur einen Fahrdienst \u2013 Sie ben\u00f6tigen einen erfahrenen und zuverl\u00e4ssigen Lotsen, der Sie sicher und kompetent ans Ziel f\u00fchrt. Bei Tine Taxi verstehen wir, wie wichtig Lotsenfahrten in bestimmten Situationen sind, sei es in der Gro\u00dfstadt, bei Events oder an unbekannten Orten. Wir nutzen modernste [&hellip;]<\/p>\n","protected":false},"author":1,"featured_media":160,"parent":0,"menu_order":0,"comment_status":"closed","ping_status":"closed","template":"","meta":{"footnotes":""},"class_list":["post-90","page","type-page","status-publish","has-post-thumbnail","hentry"],"_links":{"self":[{"href":"https:\/\/test.tinetaxi.de\/index.php?rest_route=\/wp\/v2\/pages\/90","targetHints":{"allow":["GET"]}}],"collection":[{"href":"https:\/\/test.tinetaxi.de\/index.php?rest_route=\/wp\/v2\/pages"}],"about":[{"href":"https:\/\/test.tinetaxi.de\/index.php?rest_route=\/wp\/v2\/types\/page"}],"author":[{"embeddable":true,"href":"https:\/\/test.tinetaxi.de\/index.php?rest_route=\/wp\/v2\/users\/1"}],"replies":[{"embeddable":true,"href":"https:\/\/test.tinetaxi.de\/index.php?rest_route=%2Fwp%2Fv2%2Fcomments&post=90"}],"version-history":[{"count":2,"href":"https:\/\/test.tinetaxi.de\/index.php?rest_route=\/wp\/v2\/pages\/90\/revisions"}],"predecessor-version":[{"id":104,"href":"https:\/\/test.tinetaxi.de\/index.php?rest_route=\/wp\/v2\/pages\/90\/revisions\/104"}],"wp:featuredmedia":[{"embeddable":true,"href":"https:\/\/test.tinetaxi.de\/index.php?rest_route=\/wp\/v2\/media\/160"}],"wp:attachment":[{"href":"https:\/\/test.tinetaxi.de\/index.php?rest_route=%2Fwp%2Fv2%2Fmedia&parent=90"}],"curies":[{"name":"wp","href":"https:\/\/api.w.org\/{rel}","templated":true}]}}