{"id":72,"date":"2023-11-07T20:04:11","date_gmt":"2023-11-07T20:04:11","guid":{"rendered":"https:\/\/test.tinetaxi.de\/?page_id=72"},"modified":"2023-11-14T16:10:07","modified_gmt":"2023-11-14T16:10:07","slug":"ihr-verlaesslicher-faehrzubringer-service-fuer-schleswig-holstein-und-hamburg","status":"publish","type":"page","link":"https:\/\/test.tinetaxi.de\/?page_id=72","title":{"rendered":"Ihr verl\u00e4sslicher F\u00e4hrzubringer-Service f\u00fcr Schleswig-Holstein und Hamburg"},"content":{"rendered":"\n<p>Reisen mit der F\u00e4hre kann eine aufregende und bequeme M\u00f6glichkeit sein, neue Orte zu erkunden oder auf die Inseln zu gelangen. Auch die Anlieferung von Waren zur F\u00e4hre, oder von der F\u00e4hre zu Ihrem Unternehmen kann manchmal kompliziert sein. Bei Taxi 500 verstehen wir die Wichtigkeit einer reibungslosen An- und Abreise zur F\u00e4hre. Deshalb sind wir Ihr zuverl\u00e4ssiger F\u00e4hrzubringer-Service, der sicherstellt, dass Sie, oder Ihre Waren p\u00fcnktlich und entspannt an Bord gehen k\u00f6nnen.<\/p>\n\n\n\n<h2 class=\"wp-block-heading\">Warum sollten Sie Tine Taxi als F\u00e4hrzubringer w\u00e4hlen?<\/h2>\n\n\n\n<h3 class=\"wp-block-heading\">P\u00fcnktlichkeit und Zuverl\u00e4ssigkeit<\/h3>\n\n\n\n<p>Wir wissen, dass F\u00e4hrfahrpl\u00e4ne strikt sind, und P\u00fcnktlichkeit ist entscheidend. Unsere erfahrenen Fahrer sind darauf spezialisiert, Sie oder Ihre Waren rechtzeitig zur F\u00e4hre zu bringen und Sie bei Ihrer R\u00fcckkehr sicher nach Hause zu bef\u00f6rdern.<\/p>\n\n\n\n<h3 class=\"wp-block-heading\">Ortskundige Fahrer unterst\u00fctzt durch modernste Technologie<\/h3>\n\n\n\n<p>Unsere Fahrer sind ortskundig und kennen die besten Wege zu den F\u00e4hranlegestellen in der Region. Wir sorgen daf\u00fcr, dass Sie den k\u00fcrzesten und schnellsten Weg zur F\u00e4hre nehmen. Mit Hilfe modernster Technologie sind unsere Fahrer immer und \u00fcberall in Echtzeit \u00fcber die aktuelle Verkehrslage informiert.<\/p>\n\n\n\n<h2 class=\"wp-block-heading\">Unser F\u00e4hrzubringer-Service im \u00dcberblick<\/h2>\n\n\n\n<ul class=\"wp-block-list\">\n<li>An- und Abreise zur F\u00e4hre: Wir bringen Sie p\u00fcnktlich zur F\u00e4hranlegestelle und holen Sie nach Ihrer Reise wieder ab.<\/li>\n\n\n\n<li>Gep\u00e4cktransport: Wir k\u00fcmmern uns um Ihr Gep\u00e4ck und sorgen daf\u00fcr, dass es sicher auf der F\u00e4hre ankommt.<\/li>\n\n\n\n<li>Gruppenfahrten: Planen Sie eine Gruppenreise? Wir sind bereit, Sie und Ihre Mitreisenden komfortabel zur F\u00e4hre zu bringen.<\/li>\n\n\n\n<li>Warentransport: Ihre Warenlieferung muss auf die F\u00e4hre? Sie erwarten eine Lieferung, die mit einer F\u00e4hre geliefert wird? Dann sind wir Ihr zuverl\u00e4ssiger Partner!<\/li>\n<\/ul>\n\n\n\n<p>Ihr F\u00e4hrerlebnis beginnt und endet mit Tine Taxi. Kontaktieren Sie uns noch heute, um Ihren F\u00e4hrzubringer-Service zu buchen oder weitere Informationen \u00fcber unsere Dienstleistungen zu erhalten. Wir sind bestrebt, sicherzustellen, dass Ihre Reisen, oder die Ihrer Waren \u00fcber das Wasser so angenehm und sorgenfrei wie m\u00f6glich verlaufen.<\/p>\n","protected":false},"excerpt":{"rendered":"<p>Reisen mit der F\u00e4hre kann eine aufregende und bequeme M\u00f6glichkeit sein, neue Orte zu erkunden oder auf die Inseln zu gelangen. Auch die Anlieferung von Waren zur F\u00e4hre, oder von der F\u00e4hre zu Ihrem Unternehmen kann manchmal kompliziert sein. Bei Taxi 500 verstehen wir die Wichtigkeit einer reibungslosen An- und [&hellip;]<\/p>\n","protected":false},"author":1,"featured_media":160,"parent":0,"menu_order":0,"comment_status":"closed","ping_status":"closed","template":"","meta":{"footnotes":""},"class_list":["post-72","page","type-page","status-publish","has-post-thumbnail","hentry"],"_links":{"self":[{"href":"https:\/\/test.tinetaxi.de\/index.php?rest_route=\/wp\/v2\/pages\/72","targetHints":{"allow":["GET"]}}],"collection":[{"href":"https:\/\/test.tinetaxi.de\/index.php?rest_route=\/wp\/v2\/pages"}],"about":[{"href":"https:\/\/test.tinetaxi.de\/index.php?rest_route=\/wp\/v2\/types\/page"}],"author":[{"embeddable":true,"href":"https:\/\/test.tinetaxi.de\/index.php?rest_route=\/wp\/v2\/users\/1"}],"replies":[{"embeddable":true,"href":"https:\/\/test.tinetaxi.de\/index.php?rest_route=%2Fwp%2Fv2%2Fcomments&post=72"}],"version-history":[{"count":3,"href":"https:\/\/test.tinetaxi.de\/index.php?rest_route=\/wp\/v2\/pages\/72\/revisions"}],"predecessor-version":[{"id":162,"href":"https:\/\/test.tinetaxi.de\/index.php?rest_route=\/wp\/v2\/pages\/72\/revisions\/162"}],"wp:featuredmedia":[{"embeddable":true,"href":"https:\/\/test.tinetaxi.de\/index.php?rest_route=\/wp\/v2\/media\/160"}],"wp:attachment":[{"href":"https:\/\/test.tinetaxi.de\/index.php?rest_route=%2Fwp%2Fv2%2Fmedia&parent=72"}],"curies":[{"name":"wp","href":"https:\/\/api.w.org\/{rel}","templated":true}]}}